{"id":1253,"date":"2025-03-17T07:15:01","date_gmt":"2025-03-17T07:15:01","guid":{"rendered":"https:\/\/eu.ritaporec.com\/about-us\/"},"modified":"2025-05-18T14:10:34","modified_gmt":"2025-05-18T14:10:34","slug":"ueber-uns","status":"publish","type":"page","link":"https:\/\/eu.ritaporec.com\/de\/ueber-uns\/","title":{"rendered":"\u00dcber uns"},"content":{"rendered":"\t\t<div data-elementor-type=\"wp-page\" data-elementor-id=\"1253\" class=\"elementor elementor-1253 elementor-184\" data-elementor-post-type=\"page\">\n\t\t\t\t<div class=\"elementor-element elementor-element-4af666cf e-flex e-con-boxed e-con e-parent\" data-id=\"4af666cf\" data-element_type=\"container\" data-settings=\"{&quot;background_background&quot;:&quot;classic&quot;}\">\n\t\t\t\t\t<div class=\"e-con-inner\">\n\t\t<div class=\"elementor-element elementor-element-9c03aad e-con-full e-flex e-con e-child\" data-id=\"9c03aad\" data-element_type=\"container\" data-settings=\"{&quot;background_background&quot;:&quot;classic&quot;}\">\n\t\t\t\t<div class=\"elementor-element elementor-element-bda8de6 elementor-invisible elementor-widget elementor-widget-heading\" data-id=\"bda8de6\" data-element_type=\"widget\" data-settings=\"{&quot;_animation&quot;:&quot;fadeIn&quot;}\" data-widget_type=\"heading.default\">\n\t\t\t\t<div class=\"elementor-widget-container\">\n\t\t\t\t\t<h2 class=\"elementor-heading-title elementor-size-default\">\u00dcber uns<\/h2>\t\t\t\t<\/div>\n\t\t\t\t<\/div>\n\t\t\t\t<div class=\"elementor-element elementor-element-1da6c810 elementor-widget__width-initial elementor-widget-mobile__width-inherit elementor-invisible elementor-widget elementor-widget-text-editor\" data-id=\"1da6c810\" data-element_type=\"widget\" data-settings=\"{&quot;_animation&quot;:&quot;fadeIn&quot;,&quot;_animation_delay&quot;:&quot;200&quot;}\" data-widget_type=\"text-editor.default\">\n\t\t\t\t<div class=\"elementor-widget-container\">\n\t\t\t\t\t\t\t\t\t<p>Willkommen bei Apartments &amp; Ferienhaus Rita Accommodation, wo Gastfreundschaft auf eine Leidenschaft f\u00fcr au\u00dfergew\u00f6hnliche G\u00e4steerlebnisse trifft. Unsere Reise begann mit der Vision, istrische Unterk\u00fcnfte neu zu definieren und Reisenden, die die sch\u00f6nen Dinge des Lebens suchen, eine authentische Reise zu bieten. <\/p>\t\t\t\t\t\t\t\t<\/div>\n\t\t\t\t<\/div>\n\t\t\t\t<\/div>\n\t\t\t\t\t<\/div>\n\t\t\t\t<\/div>\n\t\t<div class=\"elementor-element elementor-element-1b3e0e2d e-flex e-con-boxed e-con e-parent\" data-id=\"1b3e0e2d\" data-element_type=\"container\">\n\t\t\t\t\t<div class=\"e-con-inner\">\n\t\t<div class=\"elementor-element elementor-element-198bc0b e-con-full e-flex elementor-invisible e-con e-child\" data-id=\"198bc0b\" data-element_type=\"container\" data-settings=\"{&quot;background_background&quot;:&quot;classic&quot;,&quot;animation&quot;:&quot;fadeIn&quot;,&quot;animation_delay&quot;:&quot;400&quot;}\">\n\t\t\t\t<div class=\"elementor-element elementor-element-6c4a0be4 elementor-widget elementor-widget-jkit_video_button\" data-id=\"6c4a0be4\" data-element_type=\"widget\" data-widget_type=\"jkit_video_button.default\">\n\t\t\t\t<div class=\"elementor-widget-container\">\n\t\t\t\t\t<div  class=\"jeg-elementor-kit jkit-video-button jeg_module___69e231ea7e32d\"  data-autoplay=\"1\" data-loop=\"0\" data-controls=\"1\" data-type=\"self_hosted\" data-mute=\"0\" data-title=\"0\" data-portrait=\"0\" data-byline=\"0\" data-unique-id=\"jkit_video_button_jeg_module___69e231ea7e32d\"><a href=\"#jkit_video_button_jeg_module___69e231ea7e32d\" class=\"jkit-video-popup-btn glow-enable\" aria-label=\"video-button\"><span class=\"icon-position-before\"><i aria-hidden=\"true\" class=\"jki jki-play-button-light\"><\/i><\/span><\/a><template id=\"jkit_video_button_jeg_module___69e231ea7e32d\" class=\"jkit-video-self-hosted mfp-hide\"><video autoplay controls   height=480 width=854 src=https:\/\/eu.ritaporec.com\/wp-content\/uploads\/2025\/05\/Video-Rita-Porec.mp4 ><\/video><\/template><\/div>\t\t\t\t<\/div>\n\t\t\t\t<\/div>\n\t\t\t\t<\/div>\n\t\t\t\t\t<\/div>\n\t\t\t\t<\/div>\n\t\t<div class=\"elementor-element elementor-element-1256d05a e-flex e-con-boxed e-con e-parent\" data-id=\"1256d05a\" data-element_type=\"container\">\n\t\t\t\t\t<div class=\"e-con-inner\">\n\t\t\t\t<div class=\"elementor-element elementor-element-6243ffb4 elementor-widget-tablet__width-initial elementor-invisible elementor-widget elementor-widget-heading\" data-id=\"6243ffb4\" data-element_type=\"widget\" data-settings=\"{&quot;_animation&quot;:&quot;fadeIn&quot;}\" data-widget_type=\"heading.default\">\n\t\t\t\t<div class=\"elementor-widget-container\">\n\t\t\t\t\t<h2 class=\"elementor-heading-title elementor-size-default\">Seit 1979<\/h2>\t\t\t\t<\/div>\n\t\t\t\t<\/div>\n\t\t\t\t<div class=\"elementor-element elementor-element-51f9b93a elementor-widget__width-initial elementor-widget-mobile__width-inherit elementor-invisible elementor-widget elementor-widget-text-editor\" data-id=\"51f9b93a\" data-element_type=\"widget\" data-settings=\"{&quot;_animation&quot;:&quot;fadeIn&quot;,&quot;_animation_delay&quot;:&quot;200&quot;}\" data-widget_type=\"text-editor.default\">\n\t\t\t\t<div class=\"elementor-widget-container\">\n\t\t\t\t\t\t\t\t\t<p><em>Wir k\u00fcmmern uns aufrichtig um unsere G\u00e4ste. Zuverl\u00e4ssig und kreativ, denn wir glauben, dass unsere G\u00e4ste die h\u00f6chste Qualit\u00e4t verdienen. <\/em><\/p>\t\t\t\t\t\t\t\t<\/div>\n\t\t\t\t<\/div>\n\t\t<div class=\"elementor-element elementor-element-efee330 e-con-full e-flex elementor-invisible e-con e-child\" data-id=\"efee330\" data-element_type=\"container\" data-settings=\"{&quot;animation&quot;:&quot;fadeIn&quot;,&quot;animation_delay&quot;:&quot;400&quot;}\">\n\t\t<div class=\"elementor-element elementor-element-4d7eaf9a e-con-full e-flex e-con e-child\" data-id=\"4d7eaf9a\" data-element_type=\"container\">\n\t\t\t\t<div class=\"elementor-element elementor-element-71594578 elementor-widget__width-initial elementor-widget elementor-widget-jkit_heading\" data-id=\"71594578\" data-element_type=\"widget\" data-widget_type=\"jkit_heading.default\">\n\t\t\t\t<div class=\"elementor-widget-container\">\n\t\t\t\t\t<div  class=\"jeg-elementor-kit jkit-heading  align- align-tablet- align-mobile- jeg_module__1_69e231ea81bd6\" ><div class=\"heading-section-title  display-inline-block\"><h2 class=\"heading-title\"><\/h2><\/div><h3 class=\"heading-section-subtitle  style-color\">Unsere Familie<\/h3><div class=\"heading-section-description\"><p>Als Familie vermieten wir seit vielen Jahren Wohneinheiten und Tourismus und halten seit 1979 an der Tradition des Familientourismus fest!<br \/>Unser Ziel ist es, Qualit\u00e4t zu erhalten und Sie mit neuesten Trends in der Reisen anzubieten<\/p><\/div><\/div>\t\t\t\t<\/div>\n\t\t\t\t<\/div>\n\t\t\t\t<\/div>\n\t\t<div class=\"elementor-element elementor-element-3c0933ff e-con-full e-flex e-con e-child\" data-id=\"3c0933ff\" data-element_type=\"container\">\n\t\t\t\t<div class=\"elementor-element elementor-element-7e23fcb2 elementor-widget__width-initial elementor-widget elementor-widget-jkit_heading\" data-id=\"7e23fcb2\" data-element_type=\"widget\" data-widget_type=\"jkit_heading.default\">\n\t\t\t\t<div class=\"elementor-widget-container\">\n\t\t\t\t\t<div  class=\"jeg-elementor-kit jkit-heading  align- align-tablet- align-mobile- jeg_module__2_69e231ea8212d\" ><div class=\"heading-section-title  display-inline-block\"><h2 class=\"heading-title\"><\/h2><\/div><h3 class=\"heading-section-subtitle  style-color\">Unsere Mission<\/h3><div class=\"heading-section-description\"><p>Der einwandfreie und saubere Wohnungen sind unsere oberste Priorit\u00e4t, wenn es um einem Service geht. Wir freuen uns, Ihnen Informationen zu geben: touristische Touren, Restaurants, Tickets reservieren und alles, was Ihren Aufenthalt bei uns noch angenehmer macht<\/p><\/div><\/div>\t\t\t\t<\/div>\n\t\t\t\t<\/div>\n\t\t\t\t<\/div>\n\t\t<div class=\"elementor-element elementor-element-4dd94307 e-con-full e-flex e-con e-child\" data-id=\"4dd94307\" data-element_type=\"container\">\n\t\t\t\t<div class=\"elementor-element elementor-element-37a11bf elementor-widget__width-initial elementor-widget elementor-widget-jkit_heading\" data-id=\"37a11bf\" data-element_type=\"widget\" data-widget_type=\"jkit_heading.default\">\n\t\t\t\t<div class=\"elementor-widget-container\">\n\t\t\t\t\t<div  class=\"jeg-elementor-kit jkit-heading  align- align-tablet- align-mobile- jeg_module__3_69e231ea82616\" ><div class=\"heading-section-title  display-inline-block\"><h2 class=\"heading-title\"><\/h2><\/div><h3 class=\"heading-section-subtitle  style-color\">Hohe Qualit\u00e4t<\/h3><div class=\"heading-section-description\"><p>Wir sind bei der Tourist Office Pore\u010d als private Unterkunft qualifiziert. Damit erhalten wir die volle Ferienwohnung Qualit\u00e4tskriterien. Als Teil unserer Gastfreundschaft verbringen wir einige Zeit mit unsere G\u00e4ste! Vielen Dank, dass Sie sich f\u00fcr uns entschieden haben, und wir hoffen, dass Sie sich bei uns wie zu Hause f\u00fchlen<\/p><\/div><\/div>\t\t\t\t<\/div>\n\t\t\t\t<\/div>\n\t\t\t\t<\/div>\n\t\t\t\t<\/div>\n\t\t\t\t\t<\/div>\n\t\t\t\t<\/div>\n\t\t<div class=\"elementor-element elementor-element-14b664c7 e-con-full jkit-sticky-element--enabled e-flex jkit-sticky-element-on--down jkit-sticky-position--sticky e-con e-parent\" data-id=\"14b664c7\" data-element_type=\"container\" data-settings=\"{&quot;background_background&quot;:&quot;classic&quot;,&quot;jkit_sticky_top_position&quot;:{&quot;unit&quot;:&quot;px&quot;,&quot;size&quot;:&quot;&quot;,&quot;sizes&quot;:[]},&quot;jkit_sticky_device&quot;:&quot;desktop&quot;}\">\n\t\t\t\t<div class=\"elementor-element elementor-element-7f46e98b elementor-invisible elementor-widget elementor-widget-heading\" data-id=\"7f46e98b\" data-element_type=\"widget\" data-settings=\"{&quot;_animation&quot;:&quot;fadeIn&quot;}\" data-widget_type=\"heading.default\">\n\t\t\t\t<div class=\"elementor-widget-container\">\n\t\t\t\t\t<h2 class=\"elementor-heading-title elementor-size-default\">Ihre unvergesslichen Tage<\/h2>\t\t\t\t<\/div>\n\t\t\t\t<\/div>\n\t\t<div class=\"elementor-element elementor-element-50359c05 e-con-full jkit-sticky-element--enabled e-flex jkit-sticky-element-on--down jkit-sticky-position--sticky elementor-invisible e-con e-child\" data-id=\"50359c05\" data-element_type=\"container\" data-settings=\"{&quot;background_background&quot;:&quot;classic&quot;,&quot;jkit_sticky_top_position&quot;:{&quot;unit&quot;:&quot;px&quot;,&quot;size&quot;:&quot;&quot;,&quot;sizes&quot;:[]},&quot;animation&quot;:&quot;fadeIn&quot;,&quot;animation_delay&quot;:&quot;400&quot;,&quot;jkit_sticky_device&quot;:&quot;desktop&quot;}\">\n\t\t\t\t<div class=\"elementor-element elementor-element-3ac9bd06 elementor-widget__width-initial elementor-widget elementor-widget-jkit_fun_fact\" data-id=\"3ac9bd06\" data-element_type=\"widget\" data-widget_type=\"jkit_fun_fact.default\">\n\t\t\t\t<div class=\"elementor-widget-container\">\n\t\t\t\t\t<div  class=\"jeg-elementor-kit jkit-fun-fact align-center hover-from-left elementor-animation- jeg_module__4_69e231ea83970\" ><div class=fun-fact-inner>\n            <div class=\"content\">\n                <div class=\"number-wrapper\"><span class=\"prefix\"><\/span>\n        <span class=\"number\" data-value=\"45\" data-animation-duration=\"3500\">0<\/span>\n        <span class=\"suffix\"><\/span><sup class=\"super\">+<\/sup><\/div>\n                <h2 class=\"title\">Jahrelange Erfahrung<\/h2>\n            <\/div>\n        <\/div><\/div>\t\t\t\t<\/div>\n\t\t\t\t<\/div>\n\t\t\t\t<div class=\"elementor-element elementor-element-5dbd2955 elementor-widget__width-initial elementor-widget elementor-widget-jkit_fun_fact\" data-id=\"5dbd2955\" data-element_type=\"widget\" data-widget_type=\"jkit_fun_fact.default\">\n\t\t\t\t<div class=\"elementor-widget-container\">\n\t\t\t\t\t<div  class=\"jeg-elementor-kit jkit-fun-fact align-center hover-from-left elementor-animation- jeg_module__5_69e231ea83d2e\" ><div class=fun-fact-inner>\n            <div class=\"content\">\n                <div class=\"number-wrapper\"><span class=\"prefix\"><\/span>\n        <span class=\"number\" data-value=\"5\" data-animation-duration=\"3500\">0<\/span>\n        <span class=\"suffix\"><\/span><sup class=\"super\">+<\/sup><\/div>\n                <h2 class=\"title\">Unterk\u00fcnfte &amp; Annehmlichkeiten<\/h2>\n            <\/div>\n        <\/div><\/div>\t\t\t\t<\/div>\n\t\t\t\t<\/div>\n\t\t\t\t<div class=\"elementor-element elementor-element-2926b420 elementor-widget__width-initial elementor-widget elementor-widget-jkit_fun_fact\" data-id=\"2926b420\" data-element_type=\"widget\" data-widget_type=\"jkit_fun_fact.default\">\n\t\t\t\t<div class=\"elementor-widget-container\">\n\t\t\t\t\t<div  class=\"jeg-elementor-kit jkit-fun-fact align-center hover-from-left elementor-animation- jeg_module__6_69e231ea840cd\" ><div class=fun-fact-inner>\n            <div class=\"content\">\n                <div class=\"number-wrapper\"><span class=\"prefix\"><\/span>\n        <span class=\"number\" data-value=\"2K\" data-animation-duration=\"3500\">0<\/span>\n        <span class=\"suffix\"><\/span><sup class=\"super\">+<\/sup><\/div>\n                <h2 class=\"title\">G\u00e4stezufriedenheit<\/h2>\n            <\/div>\n        <\/div><\/div>\t\t\t\t<\/div>\n\t\t\t\t<\/div>\n\t\t\t\t<\/div>\n\t\t\t\t<\/div>\n\t\t<div class=\"elementor-element elementor-element-321dfab1 e-flex e-con-boxed e-con e-parent\" data-id=\"321dfab1\" data-element_type=\"container\">\n\t\t\t\t\t<div class=\"e-con-inner\">\n\t\t<div class=\"elementor-element elementor-element-7182cd56 e-con-full e-flex e-con e-child\" data-id=\"7182cd56\" data-element_type=\"container\">\n\t\t<div class=\"elementor-element elementor-element-10e2927f e-con-full e-flex e-con e-child\" data-id=\"10e2927f\" data-element_type=\"container\">\n\t\t\t\t<div class=\"elementor-element elementor-element-1ee786f8 elementor-widget-tablet__width-initial elementor-widget-mobile__width-inherit elementor-invisible elementor-widget elementor-widget-heading\" data-id=\"1ee786f8\" data-element_type=\"widget\" data-settings=\"{&quot;_animation&quot;:&quot;fadeIn&quot;}\" data-widget_type=\"heading.default\">\n\t\t\t\t<div class=\"elementor-widget-container\">\n\t\t\t\t\t<h2 class=\"elementor-heading-title elementor-size-default\">Warum unsere Unterk\u00fcnfte die erste Wahl sind<\/h2>\t\t\t\t<\/div>\n\t\t\t\t<\/div>\n\t\t\t\t<div class=\"elementor-element elementor-element-53ed6491 elementor-widget-tablet__width-initial elementor-invisible elementor-widget elementor-widget-text-editor\" data-id=\"53ed6491\" data-element_type=\"widget\" data-settings=\"{&quot;_animation&quot;:&quot;fadeIn&quot;,&quot;_animation_delay&quot;:&quot;200&quot;}\" data-widget_type=\"text-editor.default\">\n\t\t\t\t<div class=\"elementor-widget-container\">\n\t\t\t\t\t\t\t\t\t<p>Unser Service ist die beste Wahl f\u00fcr alle, die eine erstklassige Unterkunft suchen, denn wir bieten eine Reihe von Apartments und Ferienwohnungen, die auch den anspruchsvollsten Reisenden zufriedenstellen. Mit viel Liebe zum Detail und erstklassigen Annehmlichkeiten sorgen wir daf\u00fcr, dass jeder Gast ein individuelles und au\u00dfergew\u00f6hnliches Erlebnis erh\u00e4lt. Unser Engagement f\u00fcr Spitzenleistungen spiegelt sich in unserem Bestreben wider, die Erwartungen zu \u00fcbertreffen und jedem Besucher einen unvergesslichen Aufenthalt zu bereiten. Vertrauen Sie auf unsere Erfahrung und lassen Sie uns Ihr Reiseerlebnis auf ein neues Niveau heben.   <\/p>\t\t\t\t\t\t\t\t<\/div>\n\t\t\t\t<\/div>\n\t\t\t\t<\/div>\n\t\t<div class=\"elementor-element elementor-element-16804383 e-con-full e-flex e-con e-child\" data-id=\"16804383\" data-element_type=\"container\">\n\t\t<div class=\"elementor-element elementor-element-23821f39 e-con-full e-flex elementor-invisible e-con e-child\" data-id=\"23821f39\" data-element_type=\"container\" data-settings=\"{&quot;animation&quot;:&quot;fadeIn&quot;}\">\n\t\t\t\t<div class=\"elementor-element elementor-element-5b0fd9d8 elementor-widget__width-initial elementor-widget-tablet__width-initial elementor-widget-mobile__width-inherit jkit-equal-height-disable elementor-widget elementor-widget-jkit_icon_box\" data-id=\"5b0fd9d8\" data-element_type=\"widget\" data-widget_type=\"jkit_icon_box.default\">\n\t\t\t\t<div class=\"elementor-widget-container\">\n\t\t\t\t\t<div  class=\"jeg-elementor-kit jkit-icon-box icon-position- elementor-animation- jeg_module__7_69e231ea8638a\" ><div class=\"jkit-icon-box-wrapper hover-from-arise\"><div class=\"icon-box icon-box-header elementor-animation-\"><div class=\"icon style-color\"><img decoding=\"async\" width=\"164\" height=\"164\" src=\"https:\/\/eu.ritaporec.com\/wp-content\/uploads\/2025\/03\/Group-31.png\" class=\"attachment-full size-full\" alt=\"Istrischer Stil\" url=\"https:\/\/eu.ritaporec.com\/wp-content\/uploads\/2025\/03\/Group-31.png\" srcset=\"https:\/\/eu.ritaporec.com\/wp-content\/uploads\/2025\/03\/Group-31.png 164w, https:\/\/eu.ritaporec.com\/wp-content\/uploads\/2025\/03\/Group-31-150x150.png 150w\" sizes=\"(max-width: 164px) 100vw, 164px\" \/><\/div><\/div><div class=\"icon-box icon-box-body\">\n                <h2 class=\"title\">Istrischer Stil<\/h2>\n            <\/div>\n            \n            <\/div><\/div>\t\t\t\t<\/div>\n\t\t\t\t<\/div>\n\t\t\t\t<div class=\"elementor-element elementor-element-f6959d0 elementor-widget__width-initial elementor-widget-tablet__width-initial elementor-widget-mobile__width-inherit jkit-equal-height-disable elementor-widget elementor-widget-jkit_icon_box\" data-id=\"f6959d0\" data-element_type=\"widget\" data-widget_type=\"jkit_icon_box.default\">\n\t\t\t\t<div class=\"elementor-widget-container\">\n\t\t\t\t\t<div  class=\"jeg-elementor-kit jkit-icon-box icon-position- elementor-animation- jeg_module__8_69e231ea878c7\" ><div class=\"jkit-icon-box-wrapper hover-from-arise\"><div class=\"icon-box icon-box-header elementor-animation-\"><div class=\"icon style-color\"><img decoding=\"async\" width=\"163\" height=\"164\" src=\"https:\/\/eu.ritaporec.com\/wp-content\/uploads\/2025\/03\/Group-8-1-1.png\" class=\"attachment-full size-full\" alt=\"Sport Annehmlichkeiten\" url=\"https:\/\/eu.ritaporec.com\/wp-content\/uploads\/2025\/03\/Group-8-1-1.png\" srcset=\"https:\/\/eu.ritaporec.com\/wp-content\/uploads\/2025\/03\/Group-8-1-1.png 163w, https:\/\/eu.ritaporec.com\/wp-content\/uploads\/2025\/03\/Group-8-1-1-150x150.png 150w\" sizes=\"(max-width: 163px) 100vw, 163px\" \/><\/div><\/div><div class=\"icon-box icon-box-body\">\n                <h2 class=\"title\">Sport Annehmlichkeiten<\/h2>\n            <\/div>\n            \n            <\/div><\/div>\t\t\t\t<\/div>\n\t\t\t\t<\/div>\n\t\t\t\t<div class=\"elementor-element elementor-element-34eee090 elementor-widget__width-initial elementor-widget-tablet__width-initial elementor-widget-mobile__width-inherit jkit-equal-height-disable elementor-widget elementor-widget-jkit_icon_box\" data-id=\"34eee090\" data-element_type=\"widget\" data-widget_type=\"jkit_icon_box.default\">\n\t\t\t\t<div class=\"elementor-widget-container\">\n\t\t\t\t\t<div  class=\"jeg-elementor-kit jkit-icon-box icon-position- elementor-animation- jeg_module__9_69e231ea88e44\" ><div class=\"jkit-icon-box-wrapper hover-from-arise\"><div class=\"icon-box icon-box-header elementor-animation-\"><div class=\"icon style-color\"><img decoding=\"async\" width=\"164\" height=\"164\" src=\"https:\/\/eu.ritaporec.com\/wp-content\/uploads\/2025\/03\/Group-10.png\" class=\"attachment-full size-full\" alt=\"Freundlicher Gastgeber\" url=\"https:\/\/eu.ritaporec.com\/wp-content\/uploads\/2025\/03\/Group-10.png\" srcset=\"https:\/\/eu.ritaporec.com\/wp-content\/uploads\/2025\/03\/Group-10.png 164w, https:\/\/eu.ritaporec.com\/wp-content\/uploads\/2025\/03\/Group-10-150x150.png 150w\" sizes=\"(max-width: 164px) 100vw, 164px\" \/><\/div><\/div><div class=\"icon-box icon-box-body\">\n                <h2 class=\"title\">Freundlicher Gastgeber<\/h2>\n            <\/div>\n            \n            <\/div><\/div>\t\t\t\t<\/div>\n\t\t\t\t<\/div>\n\t\t\t\t<\/div>\n\t\t<div class=\"elementor-element elementor-element-5c48eee4 e-con-full e-flex elementor-invisible e-con e-child\" data-id=\"5c48eee4\" data-element_type=\"container\" data-settings=\"{&quot;animation&quot;:&quot;fadeIn&quot;,&quot;animation_delay&quot;:&quot;200&quot;}\">\n\t\t\t\t<div class=\"elementor-element elementor-element-294b12c5 elementor-widget__width-initial elementor-widget-tablet__width-initial elementor-widget-mobile__width-inherit jkit-equal-height-disable elementor-widget elementor-widget-jkit_icon_box\" data-id=\"294b12c5\" data-element_type=\"widget\" data-widget_type=\"jkit_icon_box.default\">\n\t\t\t\t<div class=\"elementor-widget-container\">\n\t\t\t\t\t<div  class=\"jeg-elementor-kit jkit-icon-box icon-position- elementor-animation- jeg_module__10_69e231ea89cf7\" ><div class=\"jkit-icon-box-wrapper hover-from-arise\"><div class=\"icon-box icon-box-header elementor-animation-\"><div class=\"icon style-color\"><img loading=\"lazy\" decoding=\"async\" width=\"163\" height=\"164\" src=\"https:\/\/eu.ritaporec.com\/wp-content\/uploads\/2025\/03\/Group-11.png\" class=\"attachment-full size-full\" alt=\"Ruhige Umgebung\" url=\"https:\/\/eu.ritaporec.com\/wp-content\/uploads\/2025\/03\/Group-11.png\" srcset=\"https:\/\/eu.ritaporec.com\/wp-content\/uploads\/2025\/03\/Group-11.png 163w, https:\/\/eu.ritaporec.com\/wp-content\/uploads\/2025\/03\/Group-11-150x150.png 150w\" sizes=\"(max-width: 163px) 100vw, 163px\" \/><\/div><\/div><div class=\"icon-box icon-box-body\">\n                <h2 class=\"title\">Ruhige Umgebung<\/h2>\n            <\/div>\n            \n            <\/div><\/div>\t\t\t\t<\/div>\n\t\t\t\t<\/div>\n\t\t\t\t<div class=\"elementor-element elementor-element-511227da elementor-widget__width-initial elementor-widget-tablet__width-initial elementor-widget-mobile__width-inherit jkit-equal-height-disable elementor-widget elementor-widget-jkit_icon_box\" data-id=\"511227da\" data-element_type=\"widget\" data-widget_type=\"jkit_icon_box.default\">\n\t\t\t\t<div class=\"elementor-widget-container\">\n\t\t\t\t\t<div  class=\"jeg-elementor-kit jkit-icon-box icon-position- elementor-animation- jeg_module__11_69e231ea8a640\" ><div class=\"jkit-icon-box-wrapper hover-from-arise\"><div class=\"icon-box icon-box-header elementor-animation-\"><div class=\"icon style-color\"><img loading=\"lazy\" decoding=\"async\" width=\"156\" height=\"157\" src=\"https:\/\/eu.ritaporec.com\/wp-content\/uploads\/2025\/03\/Sport.png\" class=\"attachment-full size-full\" alt=\"Aktivurlaub\" url=\"https:\/\/eu.ritaporec.com\/wp-content\/uploads\/2025\/03\/Sport.png\" srcset=\"https:\/\/eu.ritaporec.com\/wp-content\/uploads\/2025\/03\/Sport.png 156w, https:\/\/eu.ritaporec.com\/wp-content\/uploads\/2025\/03\/Sport-150x150.png 150w\" sizes=\"(max-width: 156px) 100vw, 156px\" \/><\/div><\/div><div class=\"icon-box icon-box-body\">\n                <h2 class=\"title\">Aktivurlaub<\/h2>\n            <\/div>\n            \n            <\/div><\/div>\t\t\t\t<\/div>\n\t\t\t\t<\/div>\n\t\t\t\t<div class=\"elementor-element elementor-element-5c8d9ade elementor-widget__width-initial elementor-widget-tablet__width-initial elementor-widget-mobile__width-inherit jkit-equal-height-disable elementor-widget elementor-widget-jkit_icon_box\" data-id=\"5c8d9ade\" data-element_type=\"widget\" data-widget_type=\"jkit_icon_box.default\">\n\t\t\t\t<div class=\"elementor-widget-container\">\n\t\t\t\t\t<div  class=\"jeg-elementor-kit jkit-icon-box icon-position- elementor-animation- jeg_module__12_69e231ea8b4ec\" ><div class=\"jkit-icon-box-wrapper hover-from-arise\"><div class=\"icon-box icon-box-header elementor-animation-\"><div class=\"icon style-color\"><img loading=\"lazy\" decoding=\"async\" width=\"164\" height=\"164\" src=\"https:\/\/eu.ritaporec.com\/wp-content\/uploads\/2025\/03\/Group-7.png\" class=\"attachment-full size-full\" alt=\"Kostenloser Parkplatz\" url=\"https:\/\/eu.ritaporec.com\/wp-content\/uploads\/2025\/03\/Group-7.png\" srcset=\"https:\/\/eu.ritaporec.com\/wp-content\/uploads\/2025\/03\/Group-7.png 164w, https:\/\/eu.ritaporec.com\/wp-content\/uploads\/2025\/03\/Group-7-150x150.png 150w\" sizes=\"(max-width: 164px) 100vw, 164px\" \/><\/div><\/div><div class=\"icon-box icon-box-body\">\n                <h2 class=\"title\">Kostenloser Parkplatz<\/h2>\n            <\/div>\n            \n            <\/div><\/div>\t\t\t\t<\/div>\n\t\t\t\t<\/div>\n\t\t\t\t<\/div>\n\t\t\t\t<\/div>\n\t\t\t\t<\/div>\n\t\t\t\t\t<\/div>\n\t\t\t\t<\/div>\n\t\t\t\t<\/div>\n\t\t","protected":false},"excerpt":{"rendered":"<p>Entdecken Sie die perfekte Mischung aus Komfort und Luxus in den Apartments und dem Ferienhaus Rita. Erleben Sie einen denkw\u00fcrdigen Aufenthalt mit unseren au\u00dfergew\u00f6hnlichen Unterk\u00fcnften und Annehmlichkeiten. Buchen Sie jetzt!  <\/p>\n","protected":false},"author":1,"featured_media":3133,"parent":0,"menu_order":0,"comment_status":"closed","ping_status":"closed","template":"elementor_header_footer","meta":{"om_disable_all_campaigns":false,"_monsterinsights_skip_tracking":false,"_monsterinsights_sitenote_active":false,"_monsterinsights_sitenote_note":"","_monsterinsights_sitenote_category":0,"footnotes":""},"class_list":["post-1253","page","type-page","status-publish","has-post-thumbnail","hentry"],"aioseo_notices":[],"_links":{"self":[{"href":"https:\/\/eu.ritaporec.com\/de\/wp-json\/wp\/v2\/pages\/1253","targetHints":{"allow":["GET"]}}],"collection":[{"href":"https:\/\/eu.ritaporec.com\/de\/wp-json\/wp\/v2\/pages"}],"about":[{"href":"https:\/\/eu.ritaporec.com\/de\/wp-json\/wp\/v2\/types\/page"}],"author":[{"embeddable":true,"href":"https:\/\/eu.ritaporec.com\/de\/wp-json\/wp\/v2\/users\/1"}],"replies":[{"embeddable":true,"href":"https:\/\/eu.ritaporec.com\/de\/wp-json\/wp\/v2\/comments?post=1253"}],"version-history":[{"count":18,"href":"https:\/\/eu.ritaporec.com\/de\/wp-json\/wp\/v2\/pages\/1253\/revisions"}],"predecessor-version":[{"id":2496,"href":"https:\/\/eu.ritaporec.com\/de\/wp-json\/wp\/v2\/pages\/1253\/revisions\/2496"}],"wp:featuredmedia":[{"embeddable":true,"href":"https:\/\/eu.ritaporec.com\/de\/wp-json\/wp\/v2\/media\/3133"}],"wp:attachment":[{"href":"https:\/\/eu.ritaporec.com\/de\/wp-json\/wp\/v2\/media?parent=1253"}],"curies":[{"name":"wp","href":"https:\/\/api.w.org\/{rel}","templated":true}]}}