{"id":1269,"date":"2025-03-16T08:05:12","date_gmt":"2025-03-16T07:05:12","guid":{"rendered":"https:\/\/eu.ritaporec.com\/privacy-policy\/"},"modified":"2025-05-18T21:15:58","modified_gmt":"2025-05-18T19:15:58","slug":"datenschutz","status":"publish","type":"page","link":"https:\/\/eu.ritaporec.com\/de\/datenschutz\/","title":{"rendered":"Datenschutz"},"content":{"rendered":"\t\t<div data-elementor-type=\"wp-page\" data-elementor-id=\"1269\" class=\"elementor elementor-1269 elementor-3\" data-elementor-post-type=\"page\">\n\t\t\t\t<div class=\"elementor-element elementor-element-2a8567da e-flex e-con-boxed e-con e-parent\" data-id=\"2a8567da\" data-element_type=\"container\" data-settings=\"{&quot;background_background&quot;:&quot;classic&quot;}\">\n\t\t\t\t\t<div class=\"e-con-inner\">\n\t\t<div class=\"elementor-element elementor-element-1b1bf63c e-con-full e-flex e-con e-child\" data-id=\"1b1bf63c\" data-element_type=\"container\">\n\t\t\t\t<div class=\"elementor-element elementor-element-77d1651f elementor-invisible elementor-widget elementor-widget-heading\" data-id=\"77d1651f\" data-element_type=\"widget\" data-settings=\"{&quot;_animation&quot;:&quot;fadeIn&quot;}\" data-widget_type=\"heading.default\">\n\t\t\t\t<div class=\"elementor-widget-container\">\n\t\t\t\t\t<h2 class=\"elementor-heading-title elementor-size-default\"> Datenschutz<\/h2>\t\t\t\t<\/div>\n\t\t\t\t<\/div>\n\t\t\t\t<\/div>\n\t\t\t\t\t<\/div>\n\t\t\t\t<\/div>\n\t\t<div class=\"elementor-element elementor-element-143e01dd e-flex e-con-boxed e-con e-parent\" data-id=\"143e01dd\" data-element_type=\"container\">\n\t\t\t\t\t<div class=\"e-con-inner\">\n\t\t\t\t<div class=\"elementor-element elementor-element-54c9522b elementor-widget elementor-widget-text-editor\" data-id=\"54c9522b\" data-element_type=\"widget\" data-widget_type=\"text-editor.default\">\n\t\t\t\t<div class=\"elementor-widget-container\">\n\t\t\t\t\t\t\t\t\t<p>\u00a0<\/p>\n<p><strong>Die N\u00fctzung der Informationen\u00a0<\/strong><\/p>\n<p>RitaPorec.com\u00a0sch\u00e4tzt und sch\u00fctzt Ihre Privatsph\u00e4re. W\u00e4hrend der Bet\u00e4tigung werden wir n\u00f6tige ( notwendige) Informationen f\u00fcr die Realisation der Reservierung und Informationen bez\u00fcglich ihrer Reise n\u00fctzen. Hiermit verpflichten wir uns diese Informationen weder verkaufen noch hinaustragen oder an dritte Personen geben zu werden. Die Daten werden wir in \u00dcbereinstimmung mit der Regeln \u00fcber die Privatsph\u00e4re n\u00fctzen \u2013 die g\u00fcltig waren w\u00e4hrend der Datensammlung.<\/p>\n<p><strong>Reservationsfragebogen<\/strong><\/p>\n<p>Der Nutzniessers unserer Internetseiten muss vor der Reservierung der Reservationsfragebogen ausf\u00fchlen. W\u00e4hrend der Registration werden vom Nutzniessers Kontaktinformationen verlangt ( Namen, Telefonnummern, Adresse, Geburtsdatum, E \u2013 mail Adresse). Die Informationen werden f\u00fcr den Kontakt mit der Nutzniessers ben\u00fctzt. Diese Daten werden ausschliesslich f\u00fcr die Realisation der Leistung ben\u00fctzt.<\/p>\n<p><strong>Sicherheit\u00a0<\/strong><\/p>\n<p>Diese Internetseiten unternehmen alle n\u00f6tige Sicherheitsmassnahmen um die Daten des Nutzniessers zu sch\u00fctzen. Hineintragen der vertraulichen Angaben durch diese Internetseiten ist gesch\u00fctzt on-line und off-line. Der Zutritt allen Daten \u00fcber unseren Nutzniessers , nicht nur oben gennante Geheimdaten, ist begrenzt. F\u00fcr alle eventuelle zus\u00e4tzliche Fragen \u00fcber die Sicherheit an unsere Internetseiten k\u00f6nnen sie uns mit einem E-Mail : info@ritaporec.com kontaktieren.<\/p>\n<p><strong>Korrigierungen\/ Ajourieren von Privatdaten\u00a0<\/strong><\/p>\n<p>Falls sich die Privatdaten \u00fcber des Nutzniessers \u00e4ndern ( z.B. Postleitzahl) Oder falls der Nutzniessers unsere Leistungen nicht mehr haben will, k\u00f6nnen wir die Korrigigierung bzw. Ajourierung oder Beiseitigen der Daten erm\u00f6glichen. Das kann man mit einem E-Mail an info@ritaporec.com senden.<\/p>\n<p>\u00a0<\/p>\t\t\t\t\t\t\t\t<\/div>\n\t\t\t\t<\/div>\n\t\t\t\t\t<\/div>\n\t\t\t\t<\/div>\n\t\t\t\t<\/div>\n\t\t","protected":false},"excerpt":{"rendered":"<p>Datenschutz \u00a0 Die N\u00fctzung der Informationen\u00a0 RitaPorec.com\u00a0sch\u00e4tzt und sch\u00fctzt Ihre Privatsph\u00e4re. W\u00e4hrend der Bet\u00e4tigung werden wir n\u00f6tige ( notwendige) Informationen f\u00fcr die Realisation der Reservierung und Informationen bez\u00fcglich ihrer Reise n\u00fctzen. Hiermit verpflichten wir uns diese Informationen weder verkaufen noch hinaustragen oder an dritte Personen geben zu werden. Die Daten werden wir in \u00dcbereinstimmung mit [&hellip;]<\/p>\n","protected":false},"author":1,"featured_media":0,"parent":0,"menu_order":0,"comment_status":"closed","ping_status":"closed","template":"elementor_header_footer","meta":{"om_disable_all_campaigns":false,"_monsterinsights_skip_tracking":false,"_monsterinsights_sitenote_active":false,"_monsterinsights_sitenote_note":"","_monsterinsights_sitenote_category":0,"footnotes":""},"class_list":["post-1269","page","type-page","status-publish","hentry"],"aioseo_notices":[],"_links":{"self":[{"href":"https:\/\/eu.ritaporec.com\/de\/wp-json\/wp\/v2\/pages\/1269","targetHints":{"allow":["GET"]}}],"collection":[{"href":"https:\/\/eu.ritaporec.com\/de\/wp-json\/wp\/v2\/pages"}],"about":[{"href":"https:\/\/eu.ritaporec.com\/de\/wp-json\/wp\/v2\/types\/page"}],"author":[{"embeddable":true,"href":"https:\/\/eu.ritaporec.com\/de\/wp-json\/wp\/v2\/users\/1"}],"replies":[{"embeddable":true,"href":"https:\/\/eu.ritaporec.com\/de\/wp-json\/wp\/v2\/comments?post=1269"}],"version-history":[{"count":11,"href":"https:\/\/eu.ritaporec.com\/de\/wp-json\/wp\/v2\/pages\/1269\/revisions"}],"predecessor-version":[{"id":3197,"href":"https:\/\/eu.ritaporec.com\/de\/wp-json\/wp\/v2\/pages\/1269\/revisions\/3197"}],"wp:attachment":[{"href":"https:\/\/eu.ritaporec.com\/de\/wp-json\/wp\/v2\/media?parent=1269"}],"curies":[{"name":"wp","href":"https:\/\/api.w.org\/{rel}","templated":true}]}}