{"id":1271,"date":"2025-03-19T15:26:11","date_gmt":"2025-03-19T14:26:11","guid":{"rendered":"https:\/\/eu.ritaporec.com\/terms-and-conditions\/"},"modified":"2025-05-18T22:03:49","modified_gmt":"2025-05-18T20:03:49","slug":"allgemeine-bedinungen-agb","status":"publish","type":"page","link":"https:\/\/eu.ritaporec.com\/de\/allgemeine-bedinungen-agb\/","title":{"rendered":"Allgemeine Bedinungen (AGB)"},"content":{"rendered":"\t\t<div data-elementor-type=\"wp-page\" data-elementor-id=\"1271\" class=\"elementor elementor-1271 elementor-574\" data-elementor-post-type=\"page\">\n\t\t\t\t<div class=\"elementor-element elementor-element-7b153b16 e-flex e-con-boxed e-con e-parent\" data-id=\"7b153b16\" data-element_type=\"container\" data-settings=\"{&quot;background_background&quot;:&quot;classic&quot;}\">\n\t\t\t\t\t<div class=\"e-con-inner\">\n\t\t<div class=\"elementor-element elementor-element-3eb74c41 e-con-full e-flex e-con e-child\" data-id=\"3eb74c41\" data-element_type=\"container\">\n\t\t\t\t<div class=\"elementor-element elementor-element-5fcb86b8 elementor-invisible elementor-widget elementor-widget-heading\" data-id=\"5fcb86b8\" data-element_type=\"widget\" data-settings=\"{&quot;_animation&quot;:&quot;fadeIn&quot;}\" data-widget_type=\"heading.default\">\n\t\t\t\t<div class=\"elementor-widget-container\">\n\t\t\t\t\t<h2 class=\"elementor-heading-title elementor-size-default\">Allgemeine Bedingungen (AGB)<\/h2>\t\t\t\t<\/div>\n\t\t\t\t<\/div>\n\t\t\t\t<\/div>\n\t\t\t\t\t<\/div>\n\t\t\t\t<\/div>\n\t\t<div class=\"elementor-element elementor-element-6bdefcd3 e-flex e-con-boxed e-con e-parent\" data-id=\"6bdefcd3\" data-element_type=\"container\">\n\t\t\t\t\t<div class=\"e-con-inner\">\n\t\t\t\t<div class=\"elementor-element elementor-element-149c1e4a elementor-widget elementor-widget-text-editor\" data-id=\"149c1e4a\" data-element_type=\"widget\" data-widget_type=\"text-editor.default\">\n\t\t\t\t<div class=\"elementor-widget-container\">\n\t\t\t\t\t\t\t\t\t<p>\u00a0<\/p>\n<p><strong>ALLGEMEINE GESCH\u00c4FTSBEDINGUNGEN<\/strong><\/p>\n<p>Der Gast verpflichtet sich hiermit, die Reservierungsbedingungen vollumf\u00e4nglich zu akzeptieren.<br \/>Bei der Buchung der gew\u00e4hlten Unterkunft zahlt der Gast 30% des Gesamtpreises, die Differenz bis zum vollen Preis zahlt der Gast bei der Ankunft in bar in Euro.<br \/>Zahlung der Reservierungsanzahlung: Bank\u00fcberweisung.<\/p>\n<p><br \/><strong>PREIS UND W\u00c4HRUNG<\/strong><br \/>Der Preis der Unterkunft ist auf der Website in Euro angegeben.<br \/>W\u00fcnscht der Gast w\u00e4hrend seines Aufenthaltes eine besondere Leistung, bezahlt er diese vor Ort in Euro.<\/p>\n<p><br \/><strong>Best\u00e4tigung der Anzahlung<\/strong><br \/>Die Best\u00e4tigung der Anzahlung wird vom Gast per E-Mail verschickt.<\/p>\n<p><br \/><strong>KATEGORISIERUNG UND BESCHREIBUNG DER EINRICHTUNGEN<\/strong><br \/>Die angebotenen Unterkunftskapazit\u00e4ten werden gem\u00e4\u00df der offiziellen Kategorisierung der Republik Kroatien beschrieben.<\/p>\n<p><br \/><strong>UNTERKUNFT IM APARTMENT<\/strong><br \/>Die Unterbringung in Apartments ist in der Regel ab 15:00 Uhr m\u00f6glich. Am Anreisetag sind die Zimmer bezugsfertig und am Abreisetag m\u00fcssen sie in der Regel bis 10:00 Uhr ger\u00e4umt sein.<br \/>Ank\u00fcnfte nach 19:00 Uhr m\u00fcssen im Voraus angemeldet werden.<br \/>Haustiere sind gegen einen obligatorischen Aufpreis und nach vorheriger Anmeldung erlaubt.<br \/>Die Nutzung der Unterkunft ist nur den angemeldeten G\u00e4sten m\u00f6glich, sofern nicht rechtzeitig eine \u00c4nderung bekannt gegeben wird.<\/p>\n<p><br \/><strong>STORNIERUNG DER RESERVIERUNG<\/strong><br \/>Wenn der Gast die Reservierung storniert, beh\u00e4lt Rita Porec Folgendes vom Gesamtpreis der Reservierung ein:<\/p>\n<p>&#8211; bei Stornierungen mehr als 30 Tage vor Anreise werden 10 % f\u00fcr Bearbeitungskosten einbehalten<br \/>&#8211; bei Stornierung 30 -15 Tage vor Anreise \u2013 30 % des Gesamtpreises der Reservierung<br \/>&#8211; bei Stornierung 14 \u2013 0 Tage vor Anreise &#8211; 100 % des gesamten Reservierungspreises<br \/>\u201eNichterscheinen\u201c \u2013 100 % des gesamten Reservierungspreises<\/p>\n<p>Findet ein Gast, der eine Reservierung storniert, einen neuen Gast mit derselben Reservierung, berechnen wir nur die durch den Ersatz entstandenen Kosten.<\/p>\n<p><br \/><strong>STORNIERUNG DER RESERVIERUNG DURCH Rita Porec<\/strong><br \/>Wenn Rita Porec aufgrund au\u00dfergew\u00f6hnlicher oder unvorhergesehener Umst\u00e4nde ein bereits f\u00fcr einen Gast reserviertes Apartment stornieren muss, ist Rita Porec verpflichtet, dem Gast einen Ersatz gleicher oder h\u00f6herer Qualit\u00e4t anzubieten oder den f\u00fcr die Reservierung gezahlten Betrag zur\u00fcckzuerstatten.<br \/>G\u00e4ste m\u00fcssen \u00fcber g\u00fcltige pers\u00f6nliche Reisedokumente verf\u00fcgen. Ung\u00fcltige Dokumente, die zur Stornierung der Reise f\u00fchren, und wenn dem Gast aufgrund einer solchen Unterlassung ein zus\u00e4tzlicher Schaden f\u00fcr Rita Porec entsteht, ist der Gast verpflichtet, diesen zu ersetzen. Bei Verlust oder Diebstahl von Reisedokumenten w\u00e4hrend der Reise tr\u00e4gt der Gast die Kosten f\u00fcr die Ausstellung neuer Dokumente. Rita Porec ist nicht verantwortlich f\u00fcr Entscheidungen des Zolls, der Polizei und anderer staatlicher Stellen, die einem Reisenden die Einreise in die Republik Kroatien verweigern.<\/p>\n<p><br \/><strong>BESCHWERDEN<\/strong><br \/>Es liegt im Interesse des Gastes, seine Beschwerde umgehend in der Unterkunft zu kl\u00e4ren.<\/p>\n<p><br \/><strong>VERPFLICHTUNGEN Rita Porec<\/strong><br \/>Rita Porec ist verpflichtet, die erbrachten Dienstleistungen und die Unterbringung mit der Sorgfalt eines guten Gesch\u00e4ftsmannes zu betreuen und gem\u00e4\u00df den guten Sitten im Tourismus auf die Rechte und Interessen des Gastes zu achten. Es ist verpflichtet, dem Gast s\u00e4mtliche vertraglich vereinbarten Leistungen zu erbringen und f\u00fcr eine etwaige Nichterf\u00fcllung von Leistungen oder Teilen davon einzustehen.<\/p>\n<p><br \/><strong>PFLICHTEN DES GASTES<\/strong><br \/>Der Gast ist verpflichtet, die in den Vorschriften der Republik Kroatien festgelegten Bedingungen pers\u00f6nlich zu erf\u00fcllen und die Hausordnung einzuhalten.<br \/>Der Gast haftet f\u00fcr von ihm verursachte Sch\u00e4den und zahlt diese vor Ort an den Wohnungseigent\u00fcmer.<\/p>\n<p><br \/><strong>SCHUTZ PERSONENBEZOGENER DATEN<\/strong><br \/>Die Angabe personenbezogener Daten erfolgt durch den Gast freiwillig. Die Angabe personenbezogener Daten des Gastes wird im Rahmen der Durchf\u00fchrung des Vertragsverh\u00e4ltnisses ben\u00f6tigt und dient der weiteren Kommunikation.<br \/>Die pers\u00f6nlichen Daten des Gastes werden in einer Datenbank gespeichert.<\/p>\n<p><br \/><strong>VER\u00d6FFENTLICHUNG VON BEWERTUNGEN<\/strong><br \/>Wenn der Gast eine Bewertung der Unterkunft auf verschiedenen Websites schreibt und sendet, behalten wir uns das Recht vor, diese auf unserer Website zu ver\u00f6ffentlichen. Wenn ein Gast ausdr\u00fccklich die Entfernung einer Bewertung verlangt, wird Rita Porec diesem Wunsch schnellstm\u00f6glich nachkommen.<\/p>\n<p>\u00a0<\/p>\n<p>\u00a0<\/p>\t\t\t\t\t\t\t\t<\/div>\n\t\t\t\t<\/div>\n\t\t\t\t\t<\/div>\n\t\t\t\t<\/div>\n\t\t\t\t<\/div>\n\t\t","protected":false},"excerpt":{"rendered":"<p>Allgemeine Bedingungen (AGB) \u00a0 ALLGEMEINE GESCH\u00c4FTSBEDINGUNGEN Der Gast verpflichtet sich hiermit, die Reservierungsbedingungen vollumf\u00e4nglich zu akzeptieren.Bei der Buchung der gew\u00e4hlten Unterkunft zahlt der Gast 30% des Gesamtpreises, die Differenz bis zum vollen Preis zahlt der Gast bei der Ankunft in bar in Euro.Zahlung der Reservierungsanzahlung: Bank\u00fcberweisung. PREIS UND W\u00c4HRUNGDer Preis der Unterkunft ist auf der [&hellip;]<\/p>\n","protected":false},"author":1,"featured_media":0,"parent":0,"menu_order":0,"comment_status":"closed","ping_status":"closed","template":"elementor_header_footer","meta":{"om_disable_all_campaigns":false,"_monsterinsights_skip_tracking":false,"_monsterinsights_sitenote_active":false,"_monsterinsights_sitenote_note":"","_monsterinsights_sitenote_category":0,"footnotes":""},"class_list":["post-1271","page","type-page","status-publish","hentry"],"aioseo_notices":[],"_links":{"self":[{"href":"https:\/\/eu.ritaporec.com\/de\/wp-json\/wp\/v2\/pages\/1271","targetHints":{"allow":["GET"]}}],"collection":[{"href":"https:\/\/eu.ritaporec.com\/de\/wp-json\/wp\/v2\/pages"}],"about":[{"href":"https:\/\/eu.ritaporec.com\/de\/wp-json\/wp\/v2\/types\/page"}],"author":[{"embeddable":true,"href":"https:\/\/eu.ritaporec.com\/de\/wp-json\/wp\/v2\/users\/1"}],"replies":[{"embeddable":true,"href":"https:\/\/eu.ritaporec.com\/de\/wp-json\/wp\/v2\/comments?post=1271"}],"version-history":[{"count":10,"href":"https:\/\/eu.ritaporec.com\/de\/wp-json\/wp\/v2\/pages\/1271\/revisions"}],"predecessor-version":[{"id":3221,"href":"https:\/\/eu.ritaporec.com\/de\/wp-json\/wp\/v2\/pages\/1271\/revisions\/3221"}],"wp:attachment":[{"href":"https:\/\/eu.ritaporec.com\/de\/wp-json\/wp\/v2\/media?parent=1271"}],"curies":[{"name":"wp","href":"https:\/\/api.w.org\/{rel}","templated":true}]}}