{"id":1268,"date":"2025-03-16T08:05:12","date_gmt":"2025-03-16T07:05:12","guid":{"rendered":"https:\/\/eu.ritaporec.com\/privacy-policy\/"},"modified":"2025-05-18T21:07:51","modified_gmt":"2025-05-18T19:07:51","slug":"izjava-o-privatnosti","status":"publish","type":"page","link":"https:\/\/eu.ritaporec.com\/hr\/izjava-o-privatnosti\/","title":{"rendered":"Politika privatnosti"},"content":{"rendered":"\t\t<div data-elementor-type=\"wp-page\" data-elementor-id=\"1268\" class=\"elementor elementor-1268 elementor-3\" data-elementor-post-type=\"page\">\n\t\t\t\t<div class=\"elementor-element elementor-element-2a8567da e-flex e-con-boxed e-con e-parent\" data-id=\"2a8567da\" data-element_type=\"container\" data-settings=\"{&quot;background_background&quot;:&quot;classic&quot;}\">\n\t\t\t\t\t<div class=\"e-con-inner\">\n\t\t<div class=\"elementor-element elementor-element-1b1bf63c e-con-full e-flex e-con e-child\" data-id=\"1b1bf63c\" data-element_type=\"container\">\n\t\t\t\t<div class=\"elementor-element elementor-element-77d1651f elementor-invisible elementor-widget elementor-widget-heading\" data-id=\"77d1651f\" data-element_type=\"widget\" data-settings=\"{&quot;_animation&quot;:&quot;fadeIn&quot;}\" data-widget_type=\"heading.default\">\n\t\t\t\t<div class=\"elementor-widget-container\">\n\t\t\t\t\t<h2 class=\"elementor-heading-title elementor-size-default\">Izjava o Privatnosti<\/h2>\t\t\t\t<\/div>\n\t\t\t\t<\/div>\n\t\t\t\t<\/div>\n\t\t\t\t\t<\/div>\n\t\t\t\t<\/div>\n\t\t<div class=\"elementor-element elementor-element-143e01dd e-flex e-con-boxed e-con e-parent\" data-id=\"143e01dd\" data-element_type=\"container\">\n\t\t\t\t\t<div class=\"e-con-inner\">\n\t\t\t\t<div class=\"elementor-element elementor-element-54c9522b elementor-widget elementor-widget-text-editor\" data-id=\"54c9522b\" data-element_type=\"widget\" data-widget_type=\"text-editor.default\">\n\t\t\t\t<div class=\"elementor-widget-container\">\n\t\t\t\t\t\t\t\t\t<p><strong>Kori\u0161tenje informacija<\/strong><\/p>\n<p>RitaPore\u010d.com\u00a0cijeni i \u0161titi Va\u0161u privatnost. U toku poslovanja koristit \u0107emo potrebne informacije za realizaciju rezervacije i informacije vezano za Va\u0161e putovanje. Obvezujemo se da ne\u0107emo prodati, iznijeti ili dati ove informacije tre\u0107oj stranci. Podatke \u0107emo koristiti u skladu s pravilima o po\u0161tivanju privatnosti va\u017ee\u0107ima u vrijeme prikupljanja podataka.<\/p>\n<p><strong>Rezervacijski upitnik<\/strong><\/p>\n<p>Korisnik na\u0161ih Internet stranica mora pri rezervaciji popuniti rezervacijski upitnik. Tijekom registracije od korisnika se tra\u017ee kontakt informacije (imena, tel. broj, adresa stanovanja, datum rodenja,i e-mail adresa). Informacije se koriste kako bi se stupilo u kontakt s korisnikom. Ti podaci koristit \u0107e se isklju\u010divo za realizaciju usluge, dostavu dokumenata.<\/p>\n<p><strong>Sigurnost<\/strong><\/p>\n<p>Ove Internet stranice poduzimaju sve mjere kako bi za\u0161titile podatke o korisniku. Uno\u0161enje povjerljivih podataka putem ovih Internet stranica za\u0161ti\u0107eno je on-line i off-line. Pristup svim podacima o na\u0161im korisnicima, \u00a0je ograni\u010den. Pristup povjerljivim podacima imaju samo zaposlenici kojima su isti potrebni kako bi obavili odre\u0111enu uslugu. Za sva dodatna pitanja o sigurnosti na na\u0161im Internet stranicama mo\u017eete poslati e-mail na: info@ritaporec.com.<\/p>\n<p><strong>Ispravci\/ A\u017euriranje osobnih podataka<\/strong><\/p>\n<p>Ako se korisnikovi osobni podaci (poput po\u0161tanskog broja) promijene ili ako korisnik vi\u0161e ne \u017eeli na\u0161u uslugu, omogu\u0107ujemo ispravljanje, a\u017euriranje ili uklanjanje korisnikovih osobnih podataka koje posjedujemo. To se obi\u010dno mo\u017ee izvr\u0161iti slanjem e-maila na adresu info@ritaporec.com.<\/p>\t\t\t\t\t\t\t\t<\/div>\n\t\t\t\t<\/div>\n\t\t\t\t\t<\/div>\n\t\t\t\t<\/div>\n\t\t\t\t<\/div>\n\t\t","protected":false},"excerpt":{"rendered":"<p>Izjava o Privatnosti Kori\u0161tenje informacija RitaPore\u010d.com\u00a0cijeni i \u0161titi Va\u0161u privatnost. U toku poslovanja koristit \u0107emo potrebne informacije za realizaciju rezervacije i informacije vezano za Va\u0161e putovanje. Obvezujemo se da ne\u0107emo prodati, iznijeti ili dati ove informacije tre\u0107oj stranci. Podatke \u0107emo koristiti u skladu s pravilima o po\u0161tivanju privatnosti va\u017ee\u0107ima u vrijeme prikupljanja podataka. Rezervacijski upitnik [&hellip;]<\/p>\n","protected":false},"author":1,"featured_media":0,"parent":0,"menu_order":0,"comment_status":"closed","ping_status":"closed","template":"elementor_header_footer","meta":{"om_disable_all_campaigns":false,"_monsterinsights_skip_tracking":false,"_monsterinsights_sitenote_active":false,"_monsterinsights_sitenote_note":"","_monsterinsights_sitenote_category":0,"footnotes":""},"class_list":["post-1268","page","type-page","status-publish","hentry"],"aioseo_notices":[],"_links":{"self":[{"href":"https:\/\/eu.ritaporec.com\/hr\/wp-json\/wp\/v2\/pages\/1268","targetHints":{"allow":["GET"]}}],"collection":[{"href":"https:\/\/eu.ritaporec.com\/hr\/wp-json\/wp\/v2\/pages"}],"about":[{"href":"https:\/\/eu.ritaporec.com\/hr\/wp-json\/wp\/v2\/types\/page"}],"author":[{"embeddable":true,"href":"https:\/\/eu.ritaporec.com\/hr\/wp-json\/wp\/v2\/users\/1"}],"replies":[{"embeddable":true,"href":"https:\/\/eu.ritaporec.com\/hr\/wp-json\/wp\/v2\/comments?post=1268"}],"version-history":[{"count":4,"href":"https:\/\/eu.ritaporec.com\/hr\/wp-json\/wp\/v2\/pages\/1268\/revisions"}],"predecessor-version":[{"id":3182,"href":"https:\/\/eu.ritaporec.com\/hr\/wp-json\/wp\/v2\/pages\/1268\/revisions\/3182"}],"wp:attachment":[{"href":"https:\/\/eu.ritaporec.com\/hr\/wp-json\/wp\/v2\/media?parent=1268"}],"curies":[{"name":"wp","href":"https:\/\/api.w.org\/{rel}","templated":true}]}}