{"id":1270,"date":"2025-03-19T15:26:11","date_gmt":"2025-03-19T14:26:11","guid":{"rendered":"https:\/\/eu.ritaporec.com\/terms-and-conditions\/"},"modified":"2025-05-18T21:56:24","modified_gmt":"2025-05-18T19:56:24","slug":"opci-uvjeti","status":"publish","type":"page","link":"https:\/\/eu.ritaporec.com\/hr\/opci-uvjeti\/","title":{"rendered":"Op\u0107i uvjeti"},"content":{"rendered":"\t\t<div data-elementor-type=\"wp-page\" data-elementor-id=\"1270\" class=\"elementor elementor-1270 elementor-574\" data-elementor-post-type=\"page\">\n\t\t\t\t<div class=\"elementor-element elementor-element-7b153b16 e-flex e-con-boxed e-con e-parent\" data-id=\"7b153b16\" data-element_type=\"container\" data-settings=\"{&quot;background_background&quot;:&quot;classic&quot;}\">\n\t\t\t\t\t<div class=\"e-con-inner\">\n\t\t<div class=\"elementor-element elementor-element-3eb74c41 e-con-full e-flex e-con e-child\" data-id=\"3eb74c41\" data-element_type=\"container\">\n\t\t\t\t<div class=\"elementor-element elementor-element-5fcb86b8 elementor-invisible elementor-widget elementor-widget-heading\" data-id=\"5fcb86b8\" data-element_type=\"widget\" data-settings=\"{&quot;_animation&quot;:&quot;fadeIn&quot;}\" data-widget_type=\"heading.default\">\n\t\t\t\t<div class=\"elementor-widget-container\">\n\t\t\t\t\t<h2 class=\"elementor-heading-title elementor-size-default\">Op\u0107i Uvjeti<\/h2>\t\t\t\t<\/div>\n\t\t\t\t<\/div>\n\t\t\t\t<\/div>\n\t\t\t\t\t<\/div>\n\t\t\t\t<\/div>\n\t\t<div class=\"elementor-element elementor-element-6bdefcd3 e-flex e-con-boxed e-con e-parent\" data-id=\"6bdefcd3\" data-element_type=\"container\">\n\t\t\t\t\t<div class=\"e-con-inner\">\n\t\t\t\t<div class=\"elementor-element elementor-element-149c1e4a elementor-widget elementor-widget-text-editor\" data-id=\"149c1e4a\" data-element_type=\"widget\" data-widget_type=\"text-editor.default\">\n\t\t\t\t<div class=\"elementor-widget-container\">\n\t\t\t\t\t\t\t\t\t<p>\u00a0<\/p>\n<p><strong>OP\u0106I UVJETI<\/strong><\/p>\n<p>Gost se ovim putem obavezuje da u cijelosti prihva\u0107a uvjete rezervacije.<br \/>Prilikom rezervacije odabranog smje\u0161taja, Gost upla\u0107uje 30% ukupne cijene, razliku do pune cijene Gost upla\u0107uje prilikom dolaska u gotovini u Eurima.<br \/>Pla\u0107anje depozita rezervacije: bankovna doznaka.<\/p>\n<p><br \/><strong>CIJENA I VALUTA<\/strong><br \/>Cijena smje\u0161taja navedena je na web stranicama, u Eurima. <br \/>Ukoliko Gost tra\u017ei posebnu uslugu za vrijeme boravka, pla\u0107a je na licu mjesta u Eurima.<\/p>\n<p><br \/><strong>POTVRDA O UPLATI DEPOZITA<\/strong><br \/>Potvrdu o uplati depozita Gost \u0161alje putem emaila.<\/p>\n<p><br \/><strong>KATEGORIZACIJA I OPIS OBJEKATA<\/strong><br \/>Ponu\u0111eni smje\u0161tajni kapaciteti opisani su prema slu\u017ebenoj kategorizaciji Republike Hrvatske.<\/p>\n<p><br \/><strong>SMJE\u0160TAJ U APARTMANU<\/strong><br \/>Smje\u0161taj u apartmanima naj\u010de\u0161\u0107e je mogu\u0107 iza 15:00 h na dan dolaska, a isti se naj\u010de\u0161\u0107e moraju napustiti do 10:00 h na dan odlaska.<br \/>Dolazak iza 19:00 h nu\u017eno je najaviti unaprijed.<br \/>Boravak ku\u0107nih ljubimaca dozvoljen je uz obaveznu doplatu i prethodnu najavu.<br \/>Smje\u0161taj mogu koristiti samo gosti koji su se prijavili ukoliko na vrijeme nije najavljena promjena.<\/p>\n<p><br \/><strong>ODUSTAJANJE OD REZERVACIJE<\/strong><br \/>Ukoliko Gost otka\u017ee rezervaciju, Rita Porec od ukupne cijene rezervacije zadr\u017eava:<\/p>\n<p>&#8211; za otkaz vi\u0161e od 30 dana prije dolaska \u2013 zadr\u017eava 10% za manipulativne tro\u0161kove<br \/>&#8211; za otkaz 30 -15 dana prije dolaska \u2013 30% od ukupne cijene rezervacije<br \/>&#8211; za otkaz od 14 \u2013 0 dana prije dolaska- 100% od ukupne cijene rezervacije<br \/>\u201cno-show\u201d \u2013 100% od ukupne cijene rezervacije<\/p>\n<p>Ako Gost koji otka\u017ee rezervaciju i na\u0111e novog Gosta iste rezervacije, zara\u010dunavamo samo tro\u0161kove uzrokovane zamjenom.<\/p>\n<p><br \/><strong>OTKAZ REZERVACIJE OD STRANE Rita Porec<\/strong><br \/>Ukoliko se dogodi da Rita Porec mora stornirati Gostu ve\u0107 unaprijed rezerviran konkretni apartman iz razloga \u0161to su nastale izvaredne ili nepredvi\u0111ene okolnosti, Rita Porec du\u017ena je Gostu ponuditi zamjenu iste ili ve\u0107e kvalitete ili izvr\u0161iti povrat novca upla\u0107enih za rezervaciju.<br \/>Gosti su obvezni posjedovati valjane osobne putne isprave. Nevaljane isprave, koje imaju za posljedicu odustajanje od putovanja, a ukoliko bi zbog takvog propusta Gostiju Rita Porec pretrpila dodatnu \u0161tetu, Gost je du\u017ean istu nadoknaditi. Ukoliko za vrijeme putovanja do\u0111e do gubitka ili kra\u0111e putnih isprava, tro\u0161kove izdavanja novih isprava snosi sam Gost. Rita Porec nije odgovorna za odluke carinskih i policijskih i drugih dr\u017eavnih tijela kojima se putniku ne dozvoljava ulazak u R Hrvatsku.<\/p>\n<p><br \/><strong>REKLAMACIJE<\/strong><br \/>U interesu je Gosta da svoj prigovor poku\u0161a rije\u0161iti odmah u smje\u0161taju.<\/p>\n<p><br \/><strong>OBVEZE Rita Porec<\/strong> <br \/>Rita Porec je du\u017ena brinuti se o izvr\u0161enim uslugama i smje\u0161tajem pa\u017enjom dobrog gospodarstvenika te skrbiti o pravima i interesima Gosta sukladno dobrim obi\u010dajima u turizmu. Du\u017ena je Gostu pru\u017eiti sve ugovorene usluge te dati odgovore zbog eventualnog neizvr\u0161enja usluga ili dijela usluga.<\/p>\n<p><br \/><strong>OBVEZE GOSTA<\/strong><br \/>Gost je du\u017ean brinuti se da osobno ispuni uvjete predvi\u0111ene propisima R Hrvatske te da se pridr\u017eava ku\u0107nog reda.<br \/>Gost sam odgovara za \u0161tetu koju prouzro\u010di te ju na licu mjesta pla\u010da vlasniku apartmana.<\/p>\n<p><br \/><strong>ZA\u0160TITA OSOBNIH PODATAKA<\/strong><br \/>Gost osobne podatke daje dobrovoljno. Osobni podaci Gosta potrebni su u procesu realizacije i koriste se za daljnju komunikaciju.<br \/>Osobni podaci Gosta \u010duvat \u0107e se u bazi podataka.<\/p>\n<p><br \/><strong>OBJAVA RECENZIJA<\/strong><br \/>Ukoliko Gost napi\u0161e i po\u0161alje recenziju smje\u0161taja na razli\u010ditim web stranicama \u2013 zadr\u017eavamo pravo objave iste na na\u0161im web stranicama. Ukoliko gost izri\u010dito zatra\u017ei micanje recenzije, Rita Porec \u0107e to u\u010diniti u najkra\u0107em roku.<\/p>\n<p>\u00a0<\/p>\n<p>\u00a0<\/p>\t\t\t\t\t\t\t\t<\/div>\n\t\t\t\t<\/div>\n\t\t\t\t\t<\/div>\n\t\t\t\t<\/div>\n\t\t\t\t<\/div>\n\t\t","protected":false},"excerpt":{"rendered":"<p>Op\u0107i Uvjeti \u00a0 OP\u0106I UVJETI Gost se ovim putem obavezuje da u cijelosti prihva\u0107a uvjete rezervacije.Prilikom rezervacije odabranog smje\u0161taja, Gost upla\u0107uje 30% ukupne cijene, razliku do pune cijene Gost upla\u0107uje prilikom dolaska u gotovini u Eurima.Pla\u0107anje depozita rezervacije: bankovna doznaka. CIJENA I VALUTACijena smje\u0161taja navedena je na web stranicama, u Eurima. Ukoliko Gost tra\u017ei posebnu [&hellip;]<\/p>\n","protected":false},"author":1,"featured_media":0,"parent":0,"menu_order":0,"comment_status":"closed","ping_status":"closed","template":"elementor_header_footer","meta":{"om_disable_all_campaigns":false,"_monsterinsights_skip_tracking":false,"_monsterinsights_sitenote_active":false,"_monsterinsights_sitenote_note":"","_monsterinsights_sitenote_category":0,"footnotes":""},"class_list":["post-1270","page","type-page","status-publish","hentry"],"aioseo_notices":[],"_links":{"self":[{"href":"https:\/\/eu.ritaporec.com\/hr\/wp-json\/wp\/v2\/pages\/1270","targetHints":{"allow":["GET"]}}],"collection":[{"href":"https:\/\/eu.ritaporec.com\/hr\/wp-json\/wp\/v2\/pages"}],"about":[{"href":"https:\/\/eu.ritaporec.com\/hr\/wp-json\/wp\/v2\/types\/page"}],"author":[{"embeddable":true,"href":"https:\/\/eu.ritaporec.com\/hr\/wp-json\/wp\/v2\/users\/1"}],"replies":[{"embeddable":true,"href":"https:\/\/eu.ritaporec.com\/hr\/wp-json\/wp\/v2\/comments?post=1270"}],"version-history":[{"count":10,"href":"https:\/\/eu.ritaporec.com\/hr\/wp-json\/wp\/v2\/pages\/1270\/revisions"}],"predecessor-version":[{"id":3214,"href":"https:\/\/eu.ritaporec.com\/hr\/wp-json\/wp\/v2\/pages\/1270\/revisions\/3214"}],"wp:attachment":[{"href":"https:\/\/eu.ritaporec.com\/hr\/wp-json\/wp\/v2\/media?parent=1270"}],"curies":[{"name":"wp","href":"https:\/\/api.w.org\/{rel}","templated":true}]}}